{"id":9279,"date":"2023-11-06T10:00:38","date_gmt":"2023-11-06T09:00:38","guid":{"rendered":"https:\/\/prisonislandhelsingborg.se\/vouchers\/"},"modified":"2025-12-03T11:33:37","modified_gmt":"2025-12-03T10:33:37","slug":"gavekort","status":"publish","type":"page","link":"https:\/\/prisonislandhelsingborg.se\/da\/gavekort\/","title":{"rendered":"Gavekort"},"content":{"rendered":"\t\t<div data-elementor-type=\"wp-page\" data-elementor-id=\"9279\" class=\"elementor elementor-9279 elementor-7527\" data-elementor-post-type=\"page\">\n\t\t\t\t<div class=\"elementor-element elementor-element-19b2563 e-con-full e-flex e-con e-child\" data-id=\"19b2563\" data-element_type=\"container\" data-settings=\"{&quot;background_background&quot;:&quot;classic&quot;,&quot;position&quot;:&quot;fixed&quot;}\">\n\t\t\t\t<\/div>\n\t\t<div class=\"elementor-element elementor-element-2704194 e-flex e-con-boxed e-con e-child\" data-id=\"2704194\" data-element_type=\"container\">\n\t\t\t\t\t<div class=\"e-con-inner\">\n\t\t<div class=\"elementor-element elementor-element-e10775c e-con-full e-flex e-con e-child\" data-id=\"e10775c\" data-element_type=\"container\">\n\t\t\t\t<div class=\"elementor-element elementor-element-746ac16 elementor-widget elementor-widget-heading\" data-id=\"746ac16\" data-element_type=\"widget\" data-widget_type=\"heading.default\">\n\t\t\t\t<div class=\"elementor-widget-container\">\n\t\t\t\t\t<h1 class=\"elementor-heading-title elementor-size-default\">Gavekort<\/h1>\t\t\t\t<\/div>\n\t\t\t\t<\/div>\n\t\t\t\t<div class=\"elementor-element elementor-element-f5dbdcc elementor-widget elementor-widget-text-editor\" data-id=\"f5dbdcc\" data-element_type=\"widget\" data-widget_type=\"text-editor.default\">\n\t\t\t\t<div class=\"elementor-widget-container\">\n\t\t\t\t\t\t\t\t\t<div class=\"et_pb_column et_pb_column_1_2 et_pb_column_1 et_pb_css_mix_blend_mode_passthrough\"><div class=\"et_pb_module et_pb_text et_pb_text_0 et_pb_text_align_center et_pb_bg_layout_light\"><div class=\"et_pb_text_inner\"><p>Her kan du k\u00f8be digitale gavekort fra os. Send via SMS eller e-mail. Det er ogs\u00e5 fint at sende gavekortet til dig selv og printe det ud, hvis du vil give et fysisk gavekort v\u00e6k.<\/p><p>Klik p\u00e5 gavekortet for at bestille.<\/p><\/div><\/div><\/div>\t\t\t\t\t\t\t\t<\/div>\n\t\t\t\t<\/div>\n\t\t\t\t<\/div>\n\t\t<div class=\"elementor-element elementor-element-ede91ad e-con-full e-flex e-con e-child\" data-id=\"ede91ad\" data-element_type=\"container\" data-settings=\"{&quot;background_background&quot;:&quot;classic&quot;}\">\n\t\t\t\t<div class=\"elementor-element elementor-element-7e8002c elementor-widget elementor-widget-shortcode\" data-id=\"7e8002c\" data-element_type=\"widget\" data-widget_type=\"shortcode.default\">\n\t\t\t\t<div class=\"elementor-widget-container\">\n\t\t\t\t\t\t\t<div class=\"elementor-shortcode\"><gift-card-store clientId=\"5ea2051274cfc2001750c7f8\"><div id=\"main-loader\" class=\"loader-wrapper\"><div class=\"loader-icon large padded\"><\/div><\/div><\/gift-card-store><\/div>\n\t\t\t\t\t\t<\/div>\n\t\t\t\t<\/div>\n\t\t\t\t<\/div>\n\t\t\t\t\t<\/div>\n\t\t\t\t<\/div>\n\t\t\t\t<\/div>\n\t\t","protected":false},"excerpt":{"rendered":"<p>Gavekort Her kan du k\u00f8be digitale gavekort fra os. Send via SMS eller e-mail. Det er ogs\u00e5 fint at sende gavekortet til dig selv og printe det ud, hvis du vil give et fysisk gavekort v\u00e6k. Klik p\u00e5 gavekortet for at bestille.<\/p>\n","protected":false},"author":2,"featured_media":0,"parent":0,"menu_order":0,"comment_status":"closed","ping_status":"closed","template":"","meta":{"_acf_changed":false,"inline_featured_image":false,"footnotes":""},"class_list":["post-9279","page","type-page","status-publish","hentry"],"acf":[],"_links":{"self":[{"href":"https:\/\/prisonislandhelsingborg.se\/da\/wp-json\/wp\/v2\/pages\/9279","targetHints":{"allow":["GET"]}}],"collection":[{"href":"https:\/\/prisonislandhelsingborg.se\/da\/wp-json\/wp\/v2\/pages"}],"about":[{"href":"https:\/\/prisonislandhelsingborg.se\/da\/wp-json\/wp\/v2\/types\/page"}],"author":[{"embeddable":true,"href":"https:\/\/prisonislandhelsingborg.se\/da\/wp-json\/wp\/v2\/users\/2"}],"replies":[{"embeddable":true,"href":"https:\/\/prisonislandhelsingborg.se\/da\/wp-json\/wp\/v2\/comments?post=9279"}],"version-history":[{"count":4,"href":"https:\/\/prisonislandhelsingborg.se\/da\/wp-json\/wp\/v2\/pages\/9279\/revisions"}],"predecessor-version":[{"id":10095,"href":"https:\/\/prisonislandhelsingborg.se\/da\/wp-json\/wp\/v2\/pages\/9279\/revisions\/10095"}],"wp:attachment":[{"href":"https:\/\/prisonislandhelsingborg.se\/da\/wp-json\/wp\/v2\/media?parent=9279"}],"curies":[{"name":"wp","href":"https:\/\/api.w.org\/{rel}","templated":true}]}}